{"id":12408,"date":"2024-07-25T21:03:01","date_gmt":"2024-07-26T00:03:01","guid":{"rendered":"https:\/\/correiodelmiro.com.br\/site\/?page_id=12408"},"modified":"2025-03-23T12:41:02","modified_gmt":"2025-03-23T15:41:02","slug":"audio","status":"publish","type":"page","link":"https:\/\/correiodelmiro.com.br\/site\/audio\/","title":{"rendered":"\u00c1udio"},"content":{"rendered":"\t\t<div data-elementor-type=\"wp-page\" data-elementor-id=\"12408\" class=\"elementor elementor-12408\" data-elementor-post-type=\"page\">\n\t\t\t\t<div class=\"elementor-element elementor-element-554d785 e-flex e-con-boxed e-con e-child\" data-id=\"554d785\" data-element_type=\"container\" data-settings=\"{&quot;background_background&quot;:&quot;classic&quot;}\">\n\t\t\t\t\t<div class=\"e-con-inner\">\n\t\t\t\t\t<\/div>\n\t\t\t\t<\/div>\n\t\t<div class=\"elementor-element elementor-element-2e0ac89 e-flex e-con-boxed e-con e-parent\" data-id=\"2e0ac89\" data-element_type=\"container\" data-settings=\"{&quot;background_background&quot;:&quot;classic&quot;}\">\n\t\t\t\t\t<div class=\"e-con-inner\">\n\t\t<div class=\"elementor-element elementor-element-40cc28a e-con-full e-flex e-con e-child\" data-id=\"40cc28a\" data-element_type=\"container\" data-settings=\"{&quot;background_background&quot;:&quot;classic&quot;}\">\n\t\t\t\t<div class=\"elementor-element elementor-element-d8e353c elementor-widget elementor-widget-heading\" data-id=\"d8e353c\" data-element_type=\"widget\" data-widget_type=\"heading.default\">\n\t\t\t\t<div class=\"elementor-widget-container\">\n\t\t\t\t\t<h2 class=\"elementor-heading-title elementor-size-default\">Ouvindo agora<\/h2>\t\t\t\t<\/div>\n\t\t\t\t<\/div>\n\t\t\t\t<div class=\"elementor-element elementor-element-e9d58af elementor-widget elementor-widget-html\" data-id=\"e9d58af\" data-element_type=\"widget\" data-widget_type=\"html.default\">\n\t\t\t\t<div class=\"elementor-widget-container\">\n\t\t\t\t\t<style>\r\n  .center {\r\n    display: flex;\r\n    justify-content: center;\r\n    align-items: center;\r\n  }\r\n  \r\n  .piscaBol {\r\n    width: 13px;\r\n    height: 13px;\r\n    background-color: #ffffff;\r\n    border-radius: 50%;\r\n    display: inline-block;\r\n    animation: piscar 1.8s linear infinite;\r\n  }\r\n\r\n  @keyframes piscar {\r\n    0% {\r\n      opacity: 1;\r\n    }\r\n    50% {\r\n      opacity: 0;\r\n    }\r\n    100% {\r\n      opacity: 1;\r\n    }\r\n  }\r\n<\/style>\r\n\r\n<div class=\"center\">\r\n  <div class=\"piscaBol\"><\/div>\r\n<\/div>\r\n\t\t\t\t<\/div>\n\t\t\t\t<\/div>\n\t\t\t\t<\/div>\n\t\t\t\t\t<\/div>\n\t\t\t\t<\/div>\n\t\t<div class=\"elementor-element elementor-element-3a5a5a2 e-flex e-con-boxed e-con e-parent\" data-id=\"3a5a5a2\" data-element_type=\"container\" data-settings=\"{&quot;background_background&quot;:&quot;classic&quot;}\">\n\t\t\t\t\t<div class=\"e-con-inner\">\n\t\t<div class=\"elementor-element elementor-element-9d0523d e-con-full e-flex e-con e-child\" data-id=\"9d0523d\" data-element_type=\"container\" data-settings=\"{&quot;background_background&quot;:&quot;classic&quot;}\">\n\t\t<div class=\"elementor-element elementor-element-b019057 e-con-full e-flex e-con e-child\" data-id=\"b019057\" data-element_type=\"container\">\n\t\t<div class=\"elementor-element elementor-element-585deee e-con-full e-flex e-con e-child\" data-id=\"585deee\" data-element_type=\"container\">\n\t\t\t\t<div class=\"elementor-element elementor-element-dbda36c elementor-grid-1 elementor-grid-tablet-2 elementor-grid-mobile-1 elementor-widget elementor-widget-loop-grid\" data-id=\"dbda36c\" data-element_type=\"widget\" data-settings=\"{&quot;template_id&quot;:&quot;15741&quot;,&quot;columns&quot;:1,&quot;row_gap&quot;:{&quot;unit&quot;:&quot;px&quot;,&quot;size&quot;:0,&quot;sizes&quot;:[]},&quot;_skin&quot;:&quot;post&quot;,&quot;columns_tablet&quot;:&quot;2&quot;,&quot;columns_mobile&quot;:&quot;1&quot;,&quot;edit_handle_selector&quot;:&quot;[data-elementor-type=\\&quot;loop-item\\&quot;]&quot;,&quot;row_gap_tablet&quot;:{&quot;unit&quot;:&quot;px&quot;,&quot;size&quot;:&quot;&quot;,&quot;sizes&quot;:[]},&quot;row_gap_mobile&quot;:{&quot;unit&quot;:&quot;px&quot;,&quot;size&quot;:&quot;&quot;,&quot;sizes&quot;:[]}}\" data-widget_type=\"loop-grid.post\">\n\t\t\t\t<div class=\"elementor-widget-container\">\n\t\t\t\t\t\t\t<div class=\"elementor-loop-container elementor-grid\">\n\t\t\t\t<\/div>\n\t\t\n\t\t\t\t\t\t<\/div>\n\t\t\t\t<\/div>\n\t\t\t\t<\/div>\n\t\t<div class=\"elementor-element elementor-element-909327b e-con-full e-flex e-con e-child\" data-id=\"909327b\" data-element_type=\"container\">\n\t\t<div class=\"elementor-element elementor-element-d991231 e-con-full e-flex e-con e-child\" data-id=\"d991231\" data-element_type=\"container\">\n\t\t\t\t<div class=\"elementor-element elementor-element-e4ed255 elementor-widget__width-initial elementor-widget elementor-widget-heading\" data-id=\"e4ed255\" data-element_type=\"widget\" data-widget_type=\"heading.default\">\n\t\t\t\t<div class=\"elementor-widget-container\">\n\t\t\t\t\t<h2 class=\"elementor-heading-title elementor-size-default\">Este programa tamb\u00e9m est\u00e1 dispon\u00edvel em v\u00eddeo<\/h2>\t\t\t\t<\/div>\n\t\t\t\t<\/div>\n\t\t\t\t<div class=\"elementor-element elementor-element-4965f2e elementor-align-justify elementor-widget__width-initial elementor-widget elementor-widget-button\" data-id=\"4965f2e\" data-element_type=\"widget\" data-widget_type=\"button.default\">\n\t\t\t\t<div class=\"elementor-widget-container\">\n\t\t\t\t\t\t\t\t\t<div class=\"elementor-button-wrapper\">\n\t\t\t\t\t<a class=\"elementor-button elementor-button-link elementor-size-sm\" href=\"https:\/\/correiodelmiro.com.br\/site\/video\">\n\t\t\t\t\t\t<span class=\"elementor-button-content-wrapper\">\n\t\t\t\t\t\t\t\t\t<span class=\"elementor-button-text\">Assistir<\/span>\n\t\t\t\t\t<\/span>\n\t\t\t\t\t<\/a>\n\t\t\t\t<\/div>\n\t\t\t\t\t\t\t\t<\/div>\n\t\t\t\t<\/div>\n\t\t\t\t<\/div>\n\t\t<div class=\"elementor-element elementor-element-3941892 e-con-full e-flex e-con e-child\" data-id=\"3941892\" data-element_type=\"container\">\n\t\t\t\t<div class=\"elementor-element elementor-element-86bde7e elementor-widget elementor-widget-heading\" data-id=\"86bde7e\" data-element_type=\"widget\" data-widget_type=\"heading.default\">\n\t\t\t\t<div class=\"elementor-widget-container\">\n\t\t\t\t\t<h2 class=\"elementor-heading-title elementor-size-default\">Compartilhe:<\/h2>\t\t\t\t<\/div>\n\t\t\t\t<\/div>\n\t\t\t\t<div class=\"elementor-element elementor-element-1033675 elementor-share-buttons--view-icon elementor-share-buttons--skin-flat elementor-share-buttons--shape-circle elementor-share-buttons--color-custom elementor-grid-0 elementor-widget elementor-widget-share-buttons\" data-id=\"1033675\" data-element_type=\"widget\" data-widget_type=\"share-buttons.default\">\n\t\t\t\t<div class=\"elementor-widget-container\">\n\t\t\t\t\t\t\t<div class=\"elementor-grid\">\n\t\t\t\t\t\t\t\t<div class=\"elementor-grid-item\">\n\t\t\t\t\t\t<div\n\t\t\t\t\t\t\tclass=\"elementor-share-btn elementor-share-btn_facebook\"\n\t\t\t\t\t\t\trole=\"button\"\n\t\t\t\t\t\t\ttabindex=\"0\"\n\t\t\t\t\t\t\taria-label=\"Compartilhar no facebook\"\n\t\t\t\t\t\t>\n\t\t\t\t\t\t\t\t\t\t\t\t\t\t\t<span class=\"elementor-share-btn__icon\">\n\t\t\t\t\t\t\t\t<i class=\"fab fa-facebook\" aria-hidden=\"true\"><\/i>\t\t\t\t\t\t\t<\/span>\n\t\t\t\t\t\t\t\t\t\t\t\t\t\t\t\t\t\t\t\t<\/div>\n\t\t\t\t\t<\/div>\n\t\t\t\t\t\t\t\t\t<div class=\"elementor-grid-item\">\n\t\t\t\t\t\t<div\n\t\t\t\t\t\t\tclass=\"elementor-share-btn elementor-share-btn_whatsapp\"\n\t\t\t\t\t\t\trole=\"button\"\n\t\t\t\t\t\t\ttabindex=\"0\"\n\t\t\t\t\t\t\taria-label=\"Compartilhar no whatsapp\"\n\t\t\t\t\t\t>\n\t\t\t\t\t\t\t\t\t\t\t\t\t\t\t<span class=\"elementor-share-btn__icon\">\n\t\t\t\t\t\t\t\t<i class=\"fab fa-whatsapp\" aria-hidden=\"true\"><\/i>\t\t\t\t\t\t\t<\/span>\n\t\t\t\t\t\t\t\t\t\t\t\t\t\t\t\t\t\t\t\t<\/div>\n\t\t\t\t\t<\/div>\n\t\t\t\t\t\t<\/div>\n\t\t\t\t\t\t<\/div>\n\t\t\t\t<\/div>\n\t\t\t\t<\/div>\n\t\t\t\t<\/div>\n\t\t\t\t<\/div>\n\t\t<div class=\"elementor-element elementor-element-1938691 e-con-full e-flex e-con e-child\" data-id=\"1938691\" data-element_type=\"container\">\n\t\t<div class=\"elementor-element elementor-element-345b23f e-con-full e-flex e-con e-child\" data-id=\"345b23f\" data-element_type=\"container\">\n\t\t\t\t<div class=\"elementor-element elementor-element-09c66c4 elementor-view-framed elementor-shape-circle elementor-widget elementor-widget-icon\" data-id=\"09c66c4\" data-element_type=\"widget\" id=\"mute\" data-widget_type=\"icon.default\">\n\t\t\t\t<div class=\"elementor-widget-container\">\n\t\t\t\t\t\t\t<div class=\"elementor-icon-wrapper\">\n\t\t\t<div class=\"elementor-icon\">\n\t\t\t<i aria-hidden=\"true\" class=\"fas fa-volume-up\"><\/i>\t\t\t<\/div>\n\t\t<\/div>\n\t\t\t\t\t\t<\/div>\n\t\t\t\t<\/div>\n\t\t\t\t<div class=\"elementor-element elementor-element-2319dc3 elementor-view-framed elementor-shape-circle elementor-widget elementor-widget-icon\" data-id=\"2319dc3\" data-element_type=\"widget\" id=\"mudo\" data-widget_type=\"icon.default\">\n\t\t\t\t<div class=\"elementor-widget-container\">\n\t\t\t\t\t\t\t<div class=\"elementor-icon-wrapper\">\n\t\t\t<div class=\"elementor-icon\">\n\t\t\t<i aria-hidden=\"true\" class=\"fas fa-volume-mute\"><\/i>\t\t\t<\/div>\n\t\t<\/div>\n\t\t\t\t\t\t<\/div>\n\t\t\t\t<\/div>\n\t\t\t\t<div class=\"elementor-element elementor-element-24e2ac9 elementor-widget elementor-widget-html\" data-id=\"24e2ac9\" data-element_type=\"widget\" data-widget_type=\"html.default\">\n\t\t\t\t<div class=\"elementor-widget-container\">\n\t\t\t\t\t<!--<style>\n#volume {\n    display: none; \/* Ocultar inicialmente *\/\n    width: 100%; \/* Ajuste conforme necess\u00e1rio *\/\n    appearance: none;\n    background: linear-gradient(to right, #BA0808 80%, #CECECE 80%);\n    height: 5px;\n    border-radius: 5px;\n    outline: none;\n}\n\n#volume::-webkit-slider-thumb {\n    appearance: none;\n    width: 15px;\n    height: 15px;\n    background: #BA0808;\n    border-radius: 50%;\n    cursor: pointer;\n}\n\n#volume::-moz-range-thumb {\n    width: 15px;\n    height: 15px;\n    background: #BA0808;\n    border-radius: 50%;\n    cursor: pointer;\n}\n\n.desativado {\n    opacity: 0.5;\n}\n\n.loading-icon {\n    display: none; \/* Ocultar inicialmente *\/\n    animation: spin 2s linear infinite;\n        }\n\n@keyframes spin {\n    0% {\n        transform: rotate(0deg);\n    }\n    100% {\n        transform: rotate(360deg);\n    }\n}\n<\/style>\n\n<input type=\"range\" id=\"volume\" class=\"volume-control\" min=\"0\" max=\"1\" step=\"0.01\" value=\"0.8\">-->\n\t\t\t\t<\/div>\n\t\t\t\t<\/div>\n\t\t\t\t<\/div>\n\t\t<div class=\"elementor-element elementor-element-d769417 e-con-full e-flex e-con e-child\" data-id=\"d769417\" data-element_type=\"container\">\n\t\t\t\t<div class=\"elementor-element elementor-element-a4f4836 desativado elementor-view-default elementor-widget elementor-widget-icon\" data-id=\"a4f4836\" data-element_type=\"widget\" id=\"backward\" data-widget_type=\"icon.default\">\n\t\t\t\t<div class=\"elementor-widget-container\">\n\t\t\t\t\t\t\t<div class=\"elementor-icon-wrapper\">\n\t\t\t<div class=\"elementor-icon\">\n\t\t\t<i aria-hidden=\"true\" class=\"fas fa-fast-backward\"><\/i>\t\t\t<\/div>\n\t\t<\/div>\n\t\t\t\t\t\t<\/div>\n\t\t\t\t<\/div>\n\t\t\t\t<div class=\"elementor-element elementor-element-a776401 desativado elementor-view-default elementor-widget elementor-widget-icon\" data-id=\"a776401\" data-element_type=\"widget\" id=\"undo\" data-widget_type=\"icon.default\">\n\t\t\t\t<div class=\"elementor-widget-container\">\n\t\t\t\t\t\t\t<div class=\"elementor-icon-wrapper\">\n\t\t\t<div class=\"elementor-icon\">\n\t\t\t<i aria-hidden=\"true\" class=\"fas fa-undo\"><\/i>\t\t\t<\/div>\n\t\t<\/div>\n\t\t\t\t\t\t<\/div>\n\t\t\t\t<\/div>\n\t\t\t\t<div class=\"elementor-element elementor-element-00a71f4 elementor-view-default elementor-widget elementor-widget-icon\" data-id=\"00a71f4\" data-element_type=\"widget\" id=\"play\" data-widget_type=\"icon.default\">\n\t\t\t\t<div class=\"elementor-widget-container\">\n\t\t\t\t\t\t\t<div class=\"elementor-icon-wrapper\">\n\t\t\t<div class=\"elementor-icon\">\n\t\t\t<i aria-hidden=\"true\" class=\"far fa-play-circle\"><\/i>\t\t\t<\/div>\n\t\t<\/div>\n\t\t\t\t\t\t<\/div>\n\t\t\t\t<\/div>\n\t\t\t\t<div class=\"elementor-element elementor-element-9303952 elementor-view-default elementor-widget elementor-widget-icon\" data-id=\"9303952\" data-element_type=\"widget\" id=\"pause\" data-widget_type=\"icon.default\">\n\t\t\t\t<div class=\"elementor-widget-container\">\n\t\t\t\t\t\t\t<div class=\"elementor-icon-wrapper\">\n\t\t\t<div class=\"elementor-icon\">\n\t\t\t<i aria-hidden=\"true\" class=\"far fa-pause-circle\"><\/i>\t\t\t<\/div>\n\t\t<\/div>\n\t\t\t\t\t\t<\/div>\n\t\t\t\t<\/div>\n\t\t\t\t<div class=\"elementor-element elementor-element-1011d30 desativado elementor-view-default elementor-widget elementor-widget-icon\" data-id=\"1011d30\" data-element_type=\"widget\" id=\"redo\" data-widget_type=\"icon.default\">\n\t\t\t\t<div class=\"elementor-widget-container\">\n\t\t\t\t\t\t\t<div class=\"elementor-icon-wrapper\">\n\t\t\t<div class=\"elementor-icon\">\n\t\t\t<i aria-hidden=\"true\" class=\"fas fa-redo\"><\/i>\t\t\t<\/div>\n\t\t<\/div>\n\t\t\t\t\t\t<\/div>\n\t\t\t\t<\/div>\n\t\t\t\t<div class=\"elementor-element elementor-element-2d243da desativado elementor-view-default elementor-widget elementor-widget-icon\" data-id=\"2d243da\" data-element_type=\"widget\" id=\"forward\" data-widget_type=\"icon.default\">\n\t\t\t\t<div class=\"elementor-widget-container\">\n\t\t\t\t\t\t\t<div class=\"elementor-icon-wrapper\">\n\t\t\t<div class=\"elementor-icon\">\n\t\t\t<i aria-hidden=\"true\" class=\"fas fa-fast-forward\"><\/i>\t\t\t<\/div>\n\t\t<\/div>\n\t\t\t\t\t\t<\/div>\n\t\t\t\t<\/div>\n\t\t\t\t<\/div>\n\t\t<div class=\"elementor-element elementor-element-e51e3b6 e-con-full e-flex e-con e-child\" data-id=\"e51e3b6\" data-element_type=\"container\">\n\t\t\t\t<div class=\"elementor-element elementor-element-b114913 fora-do-ar1 elementor-widget elementor-widget-html\" data-id=\"b114913\" data-element_type=\"widget\" id=\"playerHidden\" data-widget_type=\"html.default\">\n\t\t\t\t<div class=\"elementor-widget-container\">\n\t\t\t\t\t<!--<style>\r\n    audio::-webkit-media-controls-timeline {\r\n        display: none;\r\n    }\r\n\r\n    \/* Estilos para o box de mensagem *\/\r\n    #message-box {\r\n        position: fixed;\r\n        top: 50%;\r\n        left: 50%;\r\n        transform: translate(-50%, -50%);\r\n        background-color: #007bff;\r\n        color: white;\r\n        padding: 20px 40px;\r\n        border-radius: 10px;\r\n        font-family: Arial, sans-serif;\r\n        font-size: 18px;\r\n        cursor: pointer;\r\n        box-shadow: 0 4px 6px rgba(0, 0, 0, 0.1);\r\n        text-align: center;\r\n        display: block; \/* Exibe o box inicialmente *\/\r\n    }\r\n<\/style>\r\n\r\n<audio controls=\"controls\" src=\"https:\/\/cast.radiu.live:6732\/stream\" id=\"player\"><\/audio>\r\n\r\n Box de mensagem \r\n<div id=\"message-box\">Clique aqui para ouvir<\/div>\r\n\r\n<script>\r\n    (function () {\r\n        var player = document.getElementById('player'),\r\n            play = document.getElementById('play'),\r\n            pause = document.getElementById('pause'),\r\n            mute = document.getElementById('mute'),\r\n            mudo = document.getElementById('mudo'),\r\n            backward = document.getElementById('backward'),\r\n            forward = document.getElementById('forward'),\r\n            volume = document.getElementById('volume'),\r\n            messageBox = document.getElementById('message-box');\r\n\r\n        \/\/ Definir volume padr\u00e3o\r\n        var defaultVolume = 0.8;\r\n\r\n        \/\/ Iniciar o player com o volume padr\u00e3o\r\n        player.volume = defaultVolume;\r\n\r\n        \/\/ Atualizar o fundo do controle de volume\r\n        function updateVolumeBackground() {\r\n            var volumeValue = volume.value * 100;\r\n            volume.style.background = `linear-gradient(to right, #FF6666 ${volumeValue}%, #BA0808 ${volumeValue}%)`;\r\n        }\r\n\r\n        \/\/ Estilo de cursor pointer para os bot\u00f5es de play, mute e mudo\r\n        play.style.cursor = 'pointer';\r\n        mute.style.cursor = 'pointer';\r\n        mudo.style.cursor = 'pointer';\r\n\r\n        \/\/ Desativar os bot\u00f5es de retroceder e avan\u00e7ar\r\n        backward.classList.add('button-disabled');\r\n        forward.classList.add('button-disabled');\r\n\r\n        \/\/ Definir exibi\u00e7\u00e3o inicial\r\n        mute.style.display = 'inline-block'; \/\/ Come\u00e7a com mute vis\u00edvel\r\n        mudo.style.display = 'none'; \/\/ Come\u00e7a com mudo oculto\r\n        pause.style.display = 'none'; \/\/ Ocultar o bot\u00e3o pause inicialmente\r\n        volume.style.display = 'none'; \/\/ Ocultar o controle de volume inicialmente\r\n\r\n        \/\/ Quando o usu\u00e1rio clicar no box de mensagem\r\n        messageBox.addEventListener('click', function () {\r\n            player.play().then(() => {\r\n                console.log(\"Reprodu\u00e7\u00e3o iniciada com sucesso!\");\r\n                messageBox.style.display = 'none'; \/\/ Oculta o box de mensagem\r\n            }).catch((error) => {\r\n                console.error(\"Erro ao iniciar a reprodu\u00e7\u00e3o:\", error);\r\n            });\r\n        });\r\n\r\n        play.addEventListener('click', function () {\r\n            player.play();\r\n            play.style.display = \"none\";\r\n            pause.style.display = \"inline-block\";\r\n        });\r\n\r\n        pause.addEventListener('click', function () {\r\n            player.pause();\r\n            play.style.display = \"inline-block\";\r\n            pause.style.display = \"none\";\r\n        });\r\n\r\n        mute.addEventListener('click', function () {\r\n            player.muted = true;\r\n            player.volume = 0; \/\/ Define o volume como 0 ao clicar em mute\r\n            volume.value = 0; \/\/ Atualiza o controle de volume para 0\r\n            updateVolumeBackground();\r\n            mute.style.display = 'none';\r\n            mudo.style.display = 'inline-block';\r\n        });\r\n\r\n        mudo.addEventListener('click', function () {\r\n            player.muted = false;\r\n            player.volume = defaultVolume; \/\/ Volta ao volume padr\u00e3o ao clicar em mudo\r\n            volume.value = defaultVolume; \/\/ Atualiza o controle de volume para o valor padr\u00e3o\r\n            updateVolumeBackground();\r\n            mute.style.display = 'inline-block';\r\n            mudo.style.display = 'none';\r\n        });\r\n\r\n        volume.addEventListener('input', function () {\r\n            player.volume = volume.value;\r\n            if (player.volume === 0) {\r\n                mute.style.display = 'none';\r\n                mudo.style.display = 'inline-block';\r\n            } else {\r\n                mute.style.display = 'inline-block';\r\n                mudo.style.display = 'none';\r\n            }\r\n            updateVolumeBackground();\r\n        });\r\n\r\n        backward.addEventListener('click', function () {\r\n            player.currentTime -= 10; \/\/ Retroceder 10 segundos\r\n        });\r\n\r\n        forward.addEventListener('click', function () {\r\n            player.currentTime += 10; \/\/ Avan\u00e7ar 10 segundos\r\n        });\r\n\r\n        \/\/ Mostrar controle de volume ao passar o mouse sobre o bot\u00e3o mute\r\n        mute.addEventListener('mouseenter', function () {\r\n            volume.style.display = 'block';\r\n        });\r\n\r\n        \/\/ Manter o controle de volume vis\u00edvel enquanto o mouse estiver sobre ele\r\n        volume.addEventListener('mouseenter', function () {\r\n            volume.style.display = 'block';\r\n        });\r\n\r\n        \/\/ Ocultar o controle de volume quando o mouse sair dele\r\n        volume.addEventListener('mouseleave', function () {\r\n            volume.style.display = 'none';\r\n        });\r\n\r\n        \/\/ Atualizar o fundo do controle de volume ao carregar a p\u00e1gina\r\n        updateVolumeBackground();\r\n    })(); \r\n<\/script>-->\t\t\t\t<\/div>\n\t\t\t\t<\/div>\n\t\t\t\t<\/div>\n\t\t\t\t<\/div>\n\t\t\t\t<\/div>\n\t\t<div class=\"elementor-element elementor-element-932190f e-con-full e-flex e-con e-child\" data-id=\"932190f\" data-element_type=\"container\" data-settings=\"{&quot;background_background&quot;:&quot;classic&quot;}\">\n\t\t\t\t<\/div>\n\t\t\t\t\t<\/div>\n\t\t\t\t<\/div>\n\t\t<div class=\"elementor-element elementor-element-21adc74 e-flex e-con-boxed e-con e-parent\" data-id=\"21adc74\" data-element_type=\"container\">\n\t\t\t\t\t<div class=\"e-con-inner\">\n\t\t\t\t<div class=\"elementor-element elementor-element-7e99830 elementor-widget elementor-widget-html\" data-id=\"7e99830\" data-element_type=\"widget\" data-widget_type=\"html.default\">\n\t\t\t\t<div class=\"elementor-widget-container\">\n\t\t\t\t\t<!--<script>\ndocument.addEventListener('DOMContentLoaded', function() {\n    const agora = new Date();\n    const horaAtual = agora.getHours();\n    const minutosAtuais = agora.getMinutes();\n    const diaSemana = agora.toLocaleDateString('pt-BR', { weekday: 'long' }).toLowerCase();\n    const agoraMinutos = horaAtual * 60 + minutosAtuais;\n\n    const divProgramas = document.querySelectorAll('.pgm-ao-vivo');\n    let programaAtualEncontrado = false;\n    let proximoProgramaEncontrado = false;\n\n    divProgramas.forEach(function(divPrograma) {\n        const hInicioElem = divPrograma.querySelector('.pgm-horario .hInicio');\n        const hFimElem = divPrograma.querySelector('.pgm-horario .hFim');\n        const diaFreqElem = divPrograma.querySelector('.pgm-horario .diaFreq');\n\n        if (hInicioElem && hFimElem && diaFreqElem) {\n            const hInicial = hInicioElem.textContent.trim();\n            const hFinal = hFimElem.textContent.trim();\n            const freqDia = diaFreqElem.textContent.trim().toLowerCase();\n\n            const [inicioHora, inicioMinuto] = hInicial.split(\":\").map(Number);\n            const [fimHora, fimMinuto] = hFinal.split(\":\").map(Number);\n\n            const inicioMinutos = inicioHora * 60 + inicioMinuto;\n            const fimMinutos = fimHora * 60 + fimMinuto;\n\n            const diasFrequencia = freqDia.split(',').map(dia => dia.trim().toLowerCase());\n\n            if (!programaAtualEncontrado && agoraMinutos >= inicioMinutos && agoraMinutos <= fimMinutos && diasFrequencia.includes(diaSemana)) {\n                divPrograma.classList.remove('fora-do-ar');\n                divPrograma.classList.add('no-ar');\n                programaAtualEncontrado = true;\n            } else if (programaAtualEncontrado && !proximoProgramaEncontrado) {\n                if (diasFrequencia.includes(diaSemana)) {\n                    const nomeProximoPrograma = divPrograma.querySelector('.pgm-nome .pgm-title').textContent.trim();\n\n                    \/\/ Adicionar o nome do pr\u00f3ximo programa em todos os h2 dentro da div .prox-pgm .prox-pgm-nome div h2\n                    document.querySelectorAll('.prox-pgm .prox-pgm-nome div h2').forEach(function(h2) {\n                        h2.textContent = nomeProximoPrograma;\n                    });\n\n                    \/\/ Remover a classe .fora-do-ar da div .prox-pgm\n                    const proxPgms = document.querySelectorAll('.prox-pgm');\n                    proxPgms.forEach(function(proxPgm) {\n                        if (proxPgm.closest('.no-ar')) {\n                            proxPgm.classList.remove('fora-do-ar');\n                        }\n                    });\n\n                    proximoProgramaEncontrado = true;\n                }\n            }\n        }\n    });\n\n    if (programaAtualEncontrado && !proximoProgramaEncontrado) {\n        divProgramas.forEach(function(divPrograma) {\n            const hInicioElem = divPrograma.querySelector('.pgm-horario .hInicio');\n            const diaFreqElem = divPrograma.querySelector('.pgm-horario .diaFreq');\n\n            if (hInicioElem && diaFreqElem) {\n                const hInicial = hInicioElem.textContent.trim();\n                const freqDia = diaFreqElem.textContent.trim().toLowerCase();\n\n                const diasFrequencia = freqDia.split(',').map(dia => dia.trim().toLowerCase());\n\n                if (hInicial === \"00:00\") {\n                    const proximoDia = new Date(agora);\n                    proximoDia.setDate(proximoDia.getDate() + 1);\n                    const diaSemanaAtualizado = proximoDia.toLocaleDateString('pt-BR', { weekday: 'long' }).toLowerCase();\n\n                    if (diasFrequencia.includes(diaSemanaAtualizado)) {\n                        const nomeProximoPrograma = divPrograma.querySelector('.pgm-nome .pgm-title').textContent.trim();\n\n                        \/\/ Adicionar o nome do pr\u00f3ximo programa do dia seguinte em todos os h2 dentro da div .prox-pgm .prox-pgm-nome div h2\n                        document.querySelectorAll('.prox-pgm .prox-pgm-nome div h2').forEach(function(h2) {\n                            h2.textContent = nomeProximoPrograma;\n                        });\n\n                        \/\/ Remover a classe .fora-do-ar da div .prox-pgm\n                        const proxPgms = document.querySelectorAll('.prox-pgm');\n                        proxPgms.forEach(function(proxPgm) {\n                            if (proxPgm.closest('.no-ar')) {\n                                proxPgm.classList.remove('fora-do-ar');\n                            }\n                        });\n\n                        proximoProgramaEncontrado = true;\n                    }\n                }\n            }\n        });\n    }\n});\n\n<\/script>-->\t\t\t\t<\/div>\n\t\t\t\t<\/div>\n\t\t\t\t\t<\/div>\n\t\t\t\t<\/div>\n\t\t<div class=\"elementor-element elementor-element-c2b6c0e e-flex e-con-boxed e-con e-child\" data-id=\"c2b6c0e\" data-element_type=\"container\" data-settings=\"{&quot;background_background&quot;:&quot;classic&quot;}\">\n\t\t\t\t\t<div class=\"e-con-inner\">\n\t\t\t\t\t<\/div>\n\t\t\t\t<\/div>\n\t\t\t\t<\/div>\n\t\t","protected":false},"excerpt":{"rendered":"<p>Ouvindo agora Este programa tamb\u00e9m est\u00e1 dispon\u00edvel em v\u00eddeo Assistir Compartilhe:<\/p>\n","protected":false},"author":5,"featured_media":0,"parent":0,"menu_order":0,"comment_status":"closed","ping_status":"closed","template":"elementor_header_footer","meta":{"_acf_changed":false,"footnotes":""},"class_list":["post-12408","page","type-page","status-publish","hentry"],"acf":[],"_links":{"self":[{"href":"https:\/\/correiodelmiro.com.br\/site\/wp-json\/wp\/v2\/pages\/12408","targetHints":{"allow":["GET"]}}],"collection":[{"href":"https:\/\/correiodelmiro.com.br\/site\/wp-json\/wp\/v2\/pages"}],"about":[{"href":"https:\/\/correiodelmiro.com.br\/site\/wp-json\/wp\/v2\/types\/page"}],"author":[{"embeddable":true,"href":"https:\/\/correiodelmiro.com.br\/site\/wp-json\/wp\/v2\/users\/5"}],"replies":[{"embeddable":true,"href":"https:\/\/correiodelmiro.com.br\/site\/wp-json\/wp\/v2\/comments?post=12408"}],"version-history":[{"count":785,"href":"https:\/\/correiodelmiro.com.br\/site\/wp-json\/wp\/v2\/pages\/12408\/revisions"}],"predecessor-version":[{"id":16203,"href":"https:\/\/correiodelmiro.com.br\/site\/wp-json\/wp\/v2\/pages\/12408\/revisions\/16203"}],"wp:attachment":[{"href":"https:\/\/correiodelmiro.com.br\/site\/wp-json\/wp\/v2\/media?parent=12408"}],"curies":[{"name":"wp","href":"https:\/\/api.w.org\/{rel}","templated":true}]}}