{"id":12219,"date":"2024-07-14T19:56:44","date_gmt":"2024-07-14T22:56:44","guid":{"rendered":"https:\/\/correiodelmiro.com.br\/site\/?page_id=12219"},"modified":"2025-02-27T23:00:02","modified_gmt":"2025-02-28T02:00:02","slug":"video","status":"publish","type":"page","link":"https:\/\/correiodelmiro.com.br\/site\/video\/","title":{"rendered":"V\u00eddeo"},"content":{"rendered":"\t\t<div data-elementor-type=\"wp-page\" data-elementor-id=\"12219\" class=\"elementor elementor-12219\" data-elementor-post-type=\"page\">\n\t\t\t\t<div class=\"elementor-element elementor-element-3b0d63b e-flex e-con-boxed e-con e-child\" data-id=\"3b0d63b\" data-element_type=\"container\" data-settings=\"{&quot;background_background&quot;:&quot;classic&quot;}\">\n\t\t\t\t\t<div class=\"e-con-inner\">\n\t\t\t\t\t<\/div>\n\t\t\t\t<\/div>\n\t\t<div class=\"elementor-element elementor-element-8ce5439 e-con-full e-flex e-con e-parent\" data-id=\"8ce5439\" data-element_type=\"container\" data-settings=\"{&quot;background_background&quot;:&quot;classic&quot;}\">\n\t\t<div class=\"elementor-element elementor-element-bc73062 e-flex e-con-boxed e-con e-child\" data-id=\"bc73062\" data-element_type=\"container\">\n\t\t\t\t\t<div class=\"e-con-inner\">\n\t\t<div class=\"elementor-element elementor-element-3d73d23 e-con-full e-flex e-con e-child\" data-id=\"3d73d23\" data-element_type=\"container\" data-settings=\"{&quot;background_background&quot;:&quot;classic&quot;}\">\n\t\t\t\t<div class=\"elementor-element elementor-element-85578ce elementor-widget elementor-widget-heading\" data-id=\"85578ce\" data-element_type=\"widget\" data-widget_type=\"heading.default\">\n\t\t\t\t<div class=\"elementor-widget-container\">\n\t\t\t\t\t<h2 class=\"elementor-heading-title elementor-size-default\">Assistindo agora<\/h2>\t\t\t\t<\/div>\n\t\t\t\t<\/div>\n\t\t\t\t<div class=\"elementor-element elementor-element-fe6a636 elementor-widget elementor-widget-html\" data-id=\"fe6a636\" data-element_type=\"widget\" data-widget_type=\"html.default\">\n\t\t\t\t<div class=\"elementor-widget-container\">\n\t\t\t\t\t<style>\r\n  .center {\r\n    display: flex;\r\n    justify-content: center;\r\n    align-items: center;\r\n  }\r\n  \r\n  .piscaBol {\r\n    width: 13px;\r\n    height: 13px;\r\n    background-color: #ffffff;\r\n    border-radius: 50%;\r\n    display: inline-block;\r\n    animation: piscar 1.7s linear infinite;\r\n  }\r\n\r\n  @keyframes piscar {\r\n    0% {\r\n      opacity: 1;\r\n    }\r\n    50% {\r\n      opacity: 0;\r\n    }\r\n    100% {\r\n      opacity: 1;\r\n    }\r\n  }\r\n<\/style>\r\n\r\n<div class=\"center\">\r\n  <div class=\"piscaBol\"><\/div>\r\n<\/div>\r\n\t\t\t\t<\/div>\n\t\t\t\t<\/div>\n\t\t\t\t<\/div>\n\t\t\t\t\t<\/div>\n\t\t\t\t<\/div>\n\t\t<div class=\"elementor-element elementor-element-6e70a31 e-flex e-con-boxed e-con e-child\" data-id=\"6e70a31\" data-element_type=\"container\">\n\t\t\t\t\t<div class=\"e-con-inner\">\n\t\t<div class=\"elementor-element elementor-element-e22e77b e-con-full e-flex e-con e-child\" data-id=\"e22e77b\" data-element_type=\"container\">\n\t\t<div class=\"elementor-element elementor-element-0bbc1c3 e-con-full e-flex e-con e-child\" data-id=\"0bbc1c3\" data-element_type=\"container\">\n\t\t\t\t<div class=\"elementor-element elementor-element-ddd6606 elementor-widget elementor-widget-html\" data-id=\"ddd6606\" data-element_type=\"widget\" data-widget_type=\"html.default\">\n\t\t\t\t<div class=\"elementor-widget-container\">\n\t\t\t\t\t<div style=\"position: relative; padding-bottom: 56.25%; height: 0; overflow: hidden; max-width: 100%;\"><iframe style=\"position: absolute; top: 0; left: 0; width: 100%; height: 100%;\" src=\"https:\/\/player.cdni.live\/video\/correiofm\/1\/true\/true\/V1ZNMWFscEhOWEJNYlhod1pHMVZQUT09KzM=\/16:9\/\" scrolling=\"no\" frameborder=\"0\" allowfullscreen><\/iframe><\/div>\t\t\t\t<\/div>\n\t\t\t\t<\/div>\n\t\t\t\t<\/div>\n\t\t<div class=\"elementor-element elementor-element-0120dfa e-con-full e-flex e-con e-child\" data-id=\"0120dfa\" data-element_type=\"container\">\n\t\t<div class=\"elementor-element elementor-element-2ef0d2d e-con-full e-flex e-con e-child\" data-id=\"2ef0d2d\" data-element_type=\"container\">\n\t\t\t\t<div class=\"elementor-element elementor-element-ffe4144 elementor-grid-1 elementor-grid-tablet-2 elementor-grid-mobile-1 elementor-widget elementor-widget-loop-grid\" data-id=\"ffe4144\" data-element_type=\"widget\" data-settings=\"{&quot;template_id&quot;:&quot;15405&quot;,&quot;columns&quot;:1,&quot;row_gap&quot;:{&quot;unit&quot;:&quot;px&quot;,&quot;size&quot;:0,&quot;sizes&quot;:[]},&quot;_skin&quot;:&quot;post&quot;,&quot;columns_tablet&quot;:&quot;2&quot;,&quot;columns_mobile&quot;:&quot;1&quot;,&quot;edit_handle_selector&quot;:&quot;[data-elementor-type=\\&quot;loop-item\\&quot;]&quot;,&quot;row_gap_tablet&quot;:{&quot;unit&quot;:&quot;px&quot;,&quot;size&quot;:&quot;&quot;,&quot;sizes&quot;:[]},&quot;row_gap_mobile&quot;:{&quot;unit&quot;:&quot;px&quot;,&quot;size&quot;:&quot;&quot;,&quot;sizes&quot;:[]}}\" data-widget_type=\"loop-grid.post\">\n\t\t\t\t<div class=\"elementor-widget-container\">\n\t\t\t\t\t\t\t<div class=\"elementor-loop-container elementor-grid\">\n\t\t\t\t<\/div>\n\t\t\n\t\t\t\t\t\t<\/div>\n\t\t\t\t<\/div>\n\t\t\t\t<\/div>\n\t\t<div class=\"elementor-element elementor-element-e85829f e-con-full e-flex e-con e-child\" data-id=\"e85829f\" data-element_type=\"container\">\n\t\t\t\t<div class=\"elementor-element elementor-element-7dddcdb elementor-widget__width-initial elementor-widget elementor-widget-heading\" data-id=\"7dddcdb\" data-element_type=\"widget\" data-widget_type=\"heading.default\">\n\t\t\t\t<div class=\"elementor-widget-container\">\n\t\t\t\t\t<h2 class=\"elementor-heading-title elementor-size-default\">Este programa tamb\u00e9m est\u00e1 dispon\u00edvel em \u00e1udio<\/h2>\t\t\t\t<\/div>\n\t\t\t\t<\/div>\n\t\t\t\t<div class=\"elementor-element elementor-element-fb7810d elementor-widget elementor-widget-button\" data-id=\"fb7810d\" data-element_type=\"widget\" data-widget_type=\"button.default\">\n\t\t\t\t<div class=\"elementor-widget-container\">\n\t\t\t\t\t\t\t\t\t<div class=\"elementor-button-wrapper\">\n\t\t\t\t\t<a class=\"elementor-button elementor-button-link elementor-size-sm\" href=\"https:\/\/correiodelmiro.com.br\/site\/audio\/\">\n\t\t\t\t\t\t<span class=\"elementor-button-content-wrapper\">\n\t\t\t\t\t\t\t\t\t<span class=\"elementor-button-text\">Ou\u00e7a<\/span>\n\t\t\t\t\t<\/span>\n\t\t\t\t\t<\/a>\n\t\t\t\t<\/div>\n\t\t\t\t\t\t\t\t<\/div>\n\t\t\t\t<\/div>\n\t\t\t\t<\/div>\n\t\t\t\t<div class=\"elementor-element elementor-element-e0e6614 elementor-widget-divider--view-line elementor-widget elementor-widget-divider\" data-id=\"e0e6614\" data-element_type=\"widget\" data-widget_type=\"divider.default\">\n\t\t\t\t<div class=\"elementor-widget-container\">\n\t\t\t\t\t\t\t<div class=\"elementor-divider\">\n\t\t\t<span class=\"elementor-divider-separator\">\n\t\t\t\t\t\t<\/span>\n\t\t<\/div>\n\t\t\t\t\t\t<\/div>\n\t\t\t\t<\/div>\n\t\t<div class=\"elementor-element elementor-element-d61db95 e-con-full e-flex e-con e-child\" data-id=\"d61db95\" data-element_type=\"container\">\n\t\t\t\t<div class=\"elementor-element elementor-element-20da265 elementor-widget__width-initial elementor-widget elementor-widget-heading\" data-id=\"20da265\" data-element_type=\"widget\" data-widget_type=\"heading.default\">\n\t\t\t\t<div class=\"elementor-widget-container\">\n\t\t\t\t\t<h2 class=\"elementor-heading-title elementor-size-default\">A seguir:<\/h2>\t\t\t\t<\/div>\n\t\t\t\t<\/div>\n\t\t<div class=\"elementor-element elementor-element-b5afd81 e-con-full prox-pgm e-flex e-con e-child\" data-id=\"b5afd81\" data-element_type=\"container\" data-settings=\"{&quot;background_background&quot;:&quot;classic&quot;}\">\n\t\t\t\t<div class=\"elementor-element elementor-element-0a8ac87 elementor-widget__width-initial prox-pgm-nome elementor-widget elementor-widget-heading\" data-id=\"0a8ac87\" data-element_type=\"widget\" data-widget_type=\"heading.default\">\n\t\t\t\t<div class=\"elementor-widget-container\">\n\t\t\t\t\t<h1 class=\"elementor-heading-title elementor-size-default\">...<\/h1>\t\t\t\t<\/div>\n\t\t\t\t<\/div>\n\t\t\t\t<\/div>\n\t\t\t\t<\/div>\n\t\t<div class=\"elementor-element elementor-element-8be98a1 e-con-full e-flex e-con e-child\" data-id=\"8be98a1\" data-element_type=\"container\">\n\t\t\t\t<div class=\"elementor-element elementor-element-077352e elementor-widget__width-initial elementor-widget elementor-widget-heading\" data-id=\"077352e\" data-element_type=\"widget\" data-widget_type=\"heading.default\">\n\t\t\t\t<div class=\"elementor-widget-container\">\n\t\t\t\t\t<h2 class=\"elementor-heading-title elementor-size-default\">Compartilhe:<\/h2>\t\t\t\t<\/div>\n\t\t\t\t<\/div>\n\t\t\t\t<div class=\"elementor-element elementor-element-ee5bbec elementor-share-buttons--view-icon elementor-share-buttons--skin-flat elementor-share-buttons--shape-rounded elementor-share-buttons--color-custom elementor-grid-0 elementor-widget elementor-widget-share-buttons\" data-id=\"ee5bbec\" data-element_type=\"widget\" data-widget_type=\"share-buttons.default\">\n\t\t\t\t<div class=\"elementor-widget-container\">\n\t\t\t\t\t\t\t<div class=\"elementor-grid\">\n\t\t\t\t\t\t\t\t<div class=\"elementor-grid-item\">\n\t\t\t\t\t\t<div\n\t\t\t\t\t\t\tclass=\"elementor-share-btn elementor-share-btn_facebook\"\n\t\t\t\t\t\t\trole=\"button\"\n\t\t\t\t\t\t\ttabindex=\"0\"\n\t\t\t\t\t\t\taria-label=\"Compartilhar no facebook\"\n\t\t\t\t\t\t>\n\t\t\t\t\t\t\t\t\t\t\t\t\t\t\t<span class=\"elementor-share-btn__icon\">\n\t\t\t\t\t\t\t\t<i class=\"fab fa-facebook\" aria-hidden=\"true\"><\/i>\t\t\t\t\t\t\t<\/span>\n\t\t\t\t\t\t\t\t\t\t\t\t\t\t\t\t\t\t\t\t<\/div>\n\t\t\t\t\t<\/div>\n\t\t\t\t\t\t\t\t\t<div class=\"elementor-grid-item\">\n\t\t\t\t\t\t<div\n\t\t\t\t\t\t\tclass=\"elementor-share-btn elementor-share-btn_whatsapp\"\n\t\t\t\t\t\t\trole=\"button\"\n\t\t\t\t\t\t\ttabindex=\"0\"\n\t\t\t\t\t\t\taria-label=\"Compartilhar no whatsapp\"\n\t\t\t\t\t\t>\n\t\t\t\t\t\t\t\t\t\t\t\t\t\t\t<span class=\"elementor-share-btn__icon\">\n\t\t\t\t\t\t\t\t<i class=\"fab fa-whatsapp\" aria-hidden=\"true\"><\/i>\t\t\t\t\t\t\t<\/span>\n\t\t\t\t\t\t\t\t\t\t\t\t\t\t\t\t\t\t\t\t<\/div>\n\t\t\t\t\t<\/div>\n\t\t\t\t\t\t<\/div>\n\t\t\t\t\t\t<\/div>\n\t\t\t\t<\/div>\n\t\t\t\t<\/div>\n\t\t\t\t<\/div>\n\t\t\t\t<\/div>\n\t\t\t\t\t<\/div>\n\t\t\t\t<\/div>\n\t\t\t\t<\/div>\n\t\t<div class=\"elementor-element elementor-element-c0ab944 e-flex e-con-boxed e-con e-child\" data-id=\"c0ab944\" data-element_type=\"container\" data-settings=\"{&quot;background_background&quot;:&quot;classic&quot;}\">\n\t\t\t\t\t<div class=\"e-con-inner\">\n\t\t\t\t\t<\/div>\n\t\t\t\t<\/div>\n\t\t<div class=\"elementor-element elementor-element-5b1c976 e-flex e-con-boxed e-con e-parent\" data-id=\"5b1c976\" data-element_type=\"container\">\n\t\t\t\t\t<div class=\"e-con-inner\">\n\t\t\t\t<div class=\"elementor-element elementor-element-d4f856a elementor-widget elementor-widget-html\" data-id=\"d4f856a\" data-element_type=\"widget\" data-widget_type=\"html.default\">\n\t\t\t\t<div class=\"elementor-widget-container\">\n\t\t\t\t\t<script>\n    document.addEventListener('DOMContentLoaded', function() {\n    const agora = new Date();\n    const horaAtual = agora.getHours();\n    const minutosAtuais = agora.getMinutes();\n    const diaSemana = agora.toLocaleDateString('pt-BR', { weekday: 'long' }).toLowerCase();\n    const agoraMinutos = horaAtual * 60 + minutosAtuais;\n\n    const divProgramas = document.querySelectorAll('.pgm-ao-vivo');\n    const divProximoPrograma = document.querySelector('.prox-pgm');\n    const h1ProximoProgramaNome = divProximoPrograma.querySelector('.prox-pgm-nome h1');\n\n    console.log('h1ProximoProgramaNome:', h1ProximoProgramaNome); \/\/ Verifique se este elemento est\u00e1 sendo corretamente selecionado\n\n    let programaAtualEncontrado = false;\n    let proximoProgramaEncontrado = false;\n\n    divProgramas.forEach(function(divPrograma, index) {\n        const hInicioElem = divPrograma.querySelector('.pgm-horario .hInicio');\n        const hFimElem = divPrograma.querySelector('.pgm-horario .hFim');\n        const diaFreqElem = divPrograma.querySelector('.pgm-horario .diaFreq');\n\n        if (hInicioElem && hFimElem && diaFreqElem) {\n            const hInicial = hInicioElem.textContent.trim();\n            const hFinal = hFimElem.textContent.trim();\n            const freqDia = diaFreqElem.textContent.trim().toLowerCase();\n\n            console.log(`Programa ${index} - hInicial: ${hInicial}, hFinal: ${hFinal}, freqDia: ${freqDia}`);\n\n            const [inicioHora, inicioMinuto] = hInicial.split(\":\").map(Number);\n            const [fimHora, fimMinuto] = hFinal.split(\":\").map(Number);\n\n            const inicioMinutos = inicioHora * 60 + inicioMinuto;\n            const fimMinutos = fimHora * 60 + fimMinuto;\n\n            const diasFrequencia = freqDia.split(',').map(dia => dia.trim().toLowerCase());\n\n            if (!programaAtualEncontrado && agoraMinutos >= inicioMinutos && agoraMinutos <= fimMinutos && diasFrequencia.includes(diaSemana)) {\n                divPrograma.classList.remove('fora-do-ar');\n                divPrograma.classList.add('no-ar');\n                programaAtualEncontrado = true;\n                console.log('Programa atual encontrado:', hInicial, '-', hFinal);\n            } else if (programaAtualEncontrado && !proximoProgramaEncontrado) {\n                if (diasFrequencia.includes(diaSemana)) {\n                    const nomeProximoPrograma = divPrograma.querySelector('.pgm-nome .pgm-title').textContent.trim();\n                    console.log('Nome do pr\u00f3ximo programa:', nomeProximoPrograma);\n                    h1ProximoProgramaNome.textContent = nomeProximoPrograma;\n                    divProximoPrograma.classList.remove('fora-do-ar');\n                    divProximoPrograma.classList.add('no-ar');\n                    proximoProgramaEncontrado = true;\n                }\n            }\n        }\n    });\n\n    if (programaAtualEncontrado && !proximoProgramaEncontrado) {\n        divProgramas.forEach(function(divPrograma) {\n            const hInicioElem = divPrograma.querySelector('.pgm-horario .hInicio');\n            const diaFreqElem = divPrograma.querySelector('.pgm-horario .diaFreq');\n\n            if (hInicioElem && diaFreqElem) {\n                const hInicial = hInicioElem.textContent.trim();\n                const freqDia = diaFreqElem.textContent.trim().toLowerCase();\n\n                const diasFrequencia = freqDia.split(',').map(dia => dia.trim().toLowerCase());\n\n                if (hInicial === \"00:00\") {\n                    const proximoDia = new Date(agora);\n                    proximoDia.setDate(proximoDia.getDate() + 1);\n                    const diaSemanaAtualizado = proximoDia.toLocaleDateString('pt-BR', { weekday: 'long' }).toLowerCase();\n\n                    if (diasFrequencia.includes(diaSemanaAtualizado)) {\n                        const nomeProximoPrograma = divPrograma.querySelector('.pgm-nome .pgm-title').textContent.trim();\n                        console.log('Nome do pr\u00f3ximo programa do dia seguinte:', nomeProximoPrograma);\n                        h1ProximoProgramaNome.textContent = nomeProximoPrograma;\n                        divProximoPrograma.classList.remove('fora-do-ar');\n                        divProximoPrograma.classList.add('no-ar');\n                        proximoProgramaEncontrado = true;\n                    }\n                }\n            }\n        });\n    }\n\n    if (!programaAtualEncontrado) {\n        console.log('Nenhum programa atual encontrado.');\n    }\n\n    if (programaAtualEncontrado && !proximoProgramaEncontrado) {\n        console.log('Nenhum pr\u00f3ximo programa encontrado.');\n    }\n});\n\n<\/script>\t\t\t\t<\/div>\n\t\t\t\t<\/div>\n\t\t\t\t\t<\/div>\n\t\t\t\t<\/div>\n\t\t<div class=\"elementor-element elementor-element-1fb4645 e-flex e-con-boxed e-con e-parent\" data-id=\"1fb4645\" data-element_type=\"container\">\n\t\t\t\t\t<div class=\"e-con-inner\">\n\t\t\t\t\t<\/div>\n\t\t\t\t<\/div>\n\t\t\t\t<\/div>\n\t\t","protected":false},"excerpt":{"rendered":"<p>Assistindo agora Este programa tamb\u00e9m est\u00e1 dispon\u00edvel em \u00e1udio Ou\u00e7a A seguir: &#8230; Compartilhe:<\/p>\n","protected":false},"author":5,"featured_media":0,"parent":0,"menu_order":0,"comment_status":"closed","ping_status":"closed","template":"elementor_header_footer","meta":{"_acf_changed":false,"footnotes":""},"class_list":["post-12219","page","type-page","status-publish","hentry"],"acf":[],"_links":{"self":[{"href":"https:\/\/correiodelmiro.com.br\/site\/wp-json\/wp\/v2\/pages\/12219","targetHints":{"allow":["GET"]}}],"collection":[{"href":"https:\/\/correiodelmiro.com.br\/site\/wp-json\/wp\/v2\/pages"}],"about":[{"href":"https:\/\/correiodelmiro.com.br\/site\/wp-json\/wp\/v2\/types\/page"}],"author":[{"embeddable":true,"href":"https:\/\/correiodelmiro.com.br\/site\/wp-json\/wp\/v2\/users\/5"}],"replies":[{"embeddable":true,"href":"https:\/\/correiodelmiro.com.br\/site\/wp-json\/wp\/v2\/comments?post=12219"}],"version-history":[{"count":373,"href":"https:\/\/correiodelmiro.com.br\/site\/wp-json\/wp\/v2\/pages\/12219\/revisions"}],"predecessor-version":[{"id":15736,"href":"https:\/\/correiodelmiro.com.br\/site\/wp-json\/wp\/v2\/pages\/12219\/revisions\/15736"}],"wp:attachment":[{"href":"https:\/\/correiodelmiro.com.br\/site\/wp-json\/wp\/v2\/media?parent=12219"}],"curies":[{"name":"wp","href":"https:\/\/api.w.org\/{rel}","templated":true}]}}